{"id":213,"date":"2019-10-12T18:25:13","date_gmt":"2019-10-12T18:25:13","guid":{"rendered":"http:\/\/oliwka.hosting24.pl\/?page_id=213"},"modified":"2022-09-27T13:38:22","modified_gmt":"2022-09-27T13:38:22","slug":"spotkac-teatr","status":"publish","type":"page","link":"http:\/\/oliwka.hosting24.pl\/index.php\/spotkac-teatr\/","title":{"rendered":""},"content":{"rendered":"\n<div class=\"wp-block-image\"><figure class=\"aligncenter size-large is-resized\"><img loading=\"lazy\" src=\"http:\/\/oliwka.hosting24.pl\/wp-content\/uploads\/2022\/09\/Artboard-2-1024x304.jpg\" alt=\"\" class=\"wp-image-610\" width=\"768\" height=\"228\" srcset=\"http:\/\/oliwka.hosting24.pl\/wp-content\/uploads\/2022\/09\/Artboard-2-1024x304.jpg 1024w, http:\/\/oliwka.hosting24.pl\/wp-content\/uploads\/2022\/09\/Artboard-2-300x89.jpg 300w, http:\/\/oliwka.hosting24.pl\/wp-content\/uploads\/2022\/09\/Artboard-2-768x228.jpg 768w, http:\/\/oliwka.hosting24.pl\/wp-content\/uploads\/2022\/09\/Artboard-2-1536x457.jpg 1536w, http:\/\/oliwka.hosting24.pl\/wp-content\/uploads\/2022\/09\/Artboard-2.jpg 1800w\" sizes=\"(max-width: 768px) 100vw, 768px\" \/><\/figure><\/div>\n\n\n\n<p>Cele realizowane podczas zaj\u0119\u0107 s\u0105 nast\u0119puj\u0105ce:<\/p>\n\n\n\n<p>&#8211; kszta\u0142cenie widza rozumiej\u0105cego konwencj\u0119 teatru,<\/p>\n\n\n\n<p>&#8211; wprowadzenie do wiedzy o teatrze, jako zjawisku artystycznym i spo\u0142ecznym,<\/p>\n\n\n\n<p>&#8211; uaktywnienie potencjalnych widz\u00f3w teatralnych i u\u015bwiadomienie im ich roli w tworzeniu spektaklu teatralnego,<\/p>\n\n\n\n<p>&#8211; ustalenie i utrwalenie zasad, kt\u00f3re dotycz\u0105 uczestnik\u00f3w spotkania teatralnego,(aktor\u00f3w, widz\u00f3w i postaci scenicznych)<\/p>\n\n\n\n<p>&#8211; aktywny udzia\u0142 w spektaklu teatralnym.<\/p>\n\n\n\n<p>Warsztaty prowadz\u0105 Ma\u0142gorzata i Artur. Zaj\u0119cia s\u0105 przewidziane dla dw\u00f3ch klas szkolnych.<\/p>\n\n\n\n<p>Forma i zakres wiedzy dostosowane s\u0105 dla uczni\u00f3w edukacji wczesnoszkolnej i trwaj\u0105 trzy godziny lekcyjne. Istot\u0105 zaj\u0119\u0107 jest zastosowanie przez dzieci r\u00f3\u017cnych procedur &#8222;badawczych&#8221; w celu zdobycia informacji o widzach, aktorach i postaciach spotykaj\u0105cych si\u0119 w przedstawieniu &#8222;Kurczaczek Jedynaczek&#8221;.<\/p>\n\n\n\n<p>W zaj\u0119ciach wykorzystanych jest oko\u0142o 200 rekwizyt\u00f3w i pe\u0142ny spektakl teatralny &#8211; &#8222;Kurczaczek Jedynaczek&#8221;( podzielony na dwa akty).<\/p>\n\n\n\n<figure class=\"wp-container-2 wp-block-gallery-1 wp-block-gallery columns-3 is-cropped\"><ul class=\"blocks-gallery-grid\"><li class=\"blocks-gallery-item\"><figure><img loading=\"lazy\" width=\"768\" height=\"1024\" src=\"http:\/\/oliwka.hosting24.pl\/wp-content\/uploads\/2019\/10\/DSCN8137-768x1024.jpg\" alt=\"\" data-id=\"318\" data-full-url=\"http:\/\/oliwka.hosting24.pl\/wp-content\/uploads\/2019\/10\/DSCN8137.jpg\" data-link=\"http:\/\/oliwka.hosting24.pl\/index.php\/spotkac-teatr\/dscn8137\/\" class=\"wp-image-318\" srcset=\"http:\/\/oliwka.hosting24.pl\/wp-content\/uploads\/2019\/10\/DSCN8137-768x1024.jpg 768w, http:\/\/oliwka.hosting24.pl\/wp-content\/uploads\/2019\/10\/DSCN8137-225x300.jpg 225w, http:\/\/oliwka.hosting24.pl\/wp-content\/uploads\/2019\/10\/DSCN8137-1024x1365.jpg 1024w, http:\/\/oliwka.hosting24.pl\/wp-content\/uploads\/2019\/10\/DSCN8137-810x1080.jpg 810w, http:\/\/oliwka.hosting24.pl\/wp-content\/uploads\/2019\/10\/DSCN8137.jpg 1200w\" sizes=\"(max-width: 768px) 100vw, 768px\" \/><\/figure><\/li><li class=\"blocks-gallery-item\"><figure><img loading=\"lazy\" width=\"768\" height=\"1024\" src=\"http:\/\/oliwka.hosting24.pl\/wp-content\/uploads\/2019\/10\/DSCN8138-768x1024.jpg\" alt=\"\" data-id=\"319\" data-full-url=\"http:\/\/oliwka.hosting24.pl\/wp-content\/uploads\/2019\/10\/DSCN8138.jpg\" data-link=\"http:\/\/oliwka.hosting24.pl\/index.php\/spotkac-teatr\/dscn8138-2\/\" class=\"wp-image-319\" srcset=\"http:\/\/oliwka.hosting24.pl\/wp-content\/uploads\/2019\/10\/DSCN8138-768x1024.jpg 768w, http:\/\/oliwka.hosting24.pl\/wp-content\/uploads\/2019\/10\/DSCN8138-225x300.jpg 225w, http:\/\/oliwka.hosting24.pl\/wp-content\/uploads\/2019\/10\/DSCN8138-1024x1365.jpg 1024w, http:\/\/oliwka.hosting24.pl\/wp-content\/uploads\/2019\/10\/DSCN8138-810x1080.jpg 810w, http:\/\/oliwka.hosting24.pl\/wp-content\/uploads\/2019\/10\/DSCN8138.jpg 1200w\" sizes=\"(max-width: 768px) 100vw, 768px\" \/><\/figure><\/li><li class=\"blocks-gallery-item\"><figure><img loading=\"lazy\" width=\"1024\" height=\"768\" src=\"http:\/\/oliwka.hosting24.pl\/wp-content\/uploads\/2019\/10\/DSCN8172-1024x768.jpg\" alt=\"\" data-id=\"320\" data-full-url=\"http:\/\/oliwka.hosting24.pl\/wp-content\/uploads\/2019\/10\/DSCN8172.jpg\" data-link=\"http:\/\/oliwka.hosting24.pl\/index.php\/spotkac-teatr\/dscn8172\/\" class=\"wp-image-320\" srcset=\"http:\/\/oliwka.hosting24.pl\/wp-content\/uploads\/2019\/10\/DSCN8172-1024x768.jpg 1024w, http:\/\/oliwka.hosting24.pl\/wp-content\/uploads\/2019\/10\/DSCN8172-300x225.jpg 300w, http:\/\/oliwka.hosting24.pl\/wp-content\/uploads\/2019\/10\/DSCN8172-768x576.jpg 768w, http:\/\/oliwka.hosting24.pl\/wp-content\/uploads\/2019\/10\/DSCN8172-1440x1080.jpg 1440w, http:\/\/oliwka.hosting24.pl\/wp-content\/uploads\/2019\/10\/DSCN8172.jpg 1600w\" sizes=\"(max-width: 1024px) 100vw, 1024px\" \/><\/figure><\/li><li class=\"blocks-gallery-item\"><figure><img loading=\"lazy\" width=\"300\" height=\"225\" src=\"http:\/\/oliwka.hosting24.pl\/wp-content\/uploads\/2022\/09\/1.jpg\" alt=\"\" data-id=\"584\" data-full-url=\"http:\/\/oliwka.hosting24.pl\/wp-content\/uploads\/2022\/09\/1.jpg\" data-link=\"http:\/\/oliwka.hosting24.pl\/index.php\/spotkac-teatr\/attachment\/1\/\" class=\"wp-image-584\"\/><\/figure><\/li><li class=\"blocks-gallery-item\"><figure><img loading=\"lazy\" width=\"595\" height=\"446\" src=\"http:\/\/oliwka.hosting24.pl\/wp-content\/uploads\/2022\/09\/2.jpg\" alt=\"\" data-id=\"585\" data-full-url=\"http:\/\/oliwka.hosting24.pl\/wp-content\/uploads\/2022\/09\/2.jpg\" data-link=\"http:\/\/oliwka.hosting24.pl\/index.php\/spotkac-teatr\/attachment\/2\/\" class=\"wp-image-585\" srcset=\"http:\/\/oliwka.hosting24.pl\/wp-content\/uploads\/2022\/09\/2.jpg 595w, http:\/\/oliwka.hosting24.pl\/wp-content\/uploads\/2022\/09\/2-300x225.jpg 300w\" sizes=\"(max-width: 595px) 100vw, 595px\" \/><\/figure><\/li><li class=\"blocks-gallery-item\"><figure><img loading=\"lazy\" width=\"305\" height=\"476\" src=\"http:\/\/oliwka.hosting24.pl\/wp-content\/uploads\/2022\/09\/3.jpg\" alt=\"\" data-id=\"586\" data-full-url=\"http:\/\/oliwka.hosting24.pl\/wp-content\/uploads\/2022\/09\/3.jpg\" data-link=\"http:\/\/oliwka.hosting24.pl\/index.php\/spotkac-teatr\/attachment\/3\/\" class=\"wp-image-586\" srcset=\"http:\/\/oliwka.hosting24.pl\/wp-content\/uploads\/2022\/09\/3.jpg 305w, http:\/\/oliwka.hosting24.pl\/wp-content\/uploads\/2022\/09\/3-192x300.jpg 192w\" sizes=\"(max-width: 305px) 100vw, 305px\" \/><\/figure><\/li><li class=\"blocks-gallery-item\"><figure><img loading=\"lazy\" width=\"364\" height=\"273\" src=\"http:\/\/oliwka.hosting24.pl\/wp-content\/uploads\/2022\/09\/4.jpg\" alt=\"\" data-id=\"587\" data-full-url=\"http:\/\/oliwka.hosting24.pl\/wp-content\/uploads\/2022\/09\/4.jpg\" data-link=\"http:\/\/oliwka.hosting24.pl\/index.php\/spotkac-teatr\/attachment\/4\/\" class=\"wp-image-587\" srcset=\"http:\/\/oliwka.hosting24.pl\/wp-content\/uploads\/2022\/09\/4.jpg 364w, http:\/\/oliwka.hosting24.pl\/wp-content\/uploads\/2022\/09\/4-300x225.jpg 300w\" sizes=\"(max-width: 364px) 100vw, 364px\" \/><\/figure><\/li><li class=\"blocks-gallery-item\"><figure><img loading=\"lazy\" width=\"453\" height=\"340\" src=\"http:\/\/oliwka.hosting24.pl\/wp-content\/uploads\/2022\/09\/5.jpg\" alt=\"\" data-id=\"588\" data-full-url=\"http:\/\/oliwka.hosting24.pl\/wp-content\/uploads\/2022\/09\/5.jpg\" data-link=\"http:\/\/oliwka.hosting24.pl\/index.php\/spotkac-teatr\/attachment\/5\/\" class=\"wp-image-588\" srcset=\"http:\/\/oliwka.hosting24.pl\/wp-content\/uploads\/2022\/09\/5.jpg 453w, http:\/\/oliwka.hosting24.pl\/wp-content\/uploads\/2022\/09\/5-300x225.jpg 300w\" sizes=\"(max-width: 453px) 100vw, 453px\" \/><\/figure><\/li><li class=\"blocks-gallery-item\"><figure><img loading=\"lazy\" width=\"459\" height=\"344\" src=\"http:\/\/oliwka.hosting24.pl\/wp-content\/uploads\/2022\/09\/6.jpg\" alt=\"\" data-id=\"589\" data-full-url=\"http:\/\/oliwka.hosting24.pl\/wp-content\/uploads\/2022\/09\/6.jpg\" data-link=\"http:\/\/oliwka.hosting24.pl\/index.php\/spotkac-teatr\/attachment\/6\/\" class=\"wp-image-589\" srcset=\"http:\/\/oliwka.hosting24.pl\/wp-content\/uploads\/2022\/09\/6.jpg 459w, http:\/\/oliwka.hosting24.pl\/wp-content\/uploads\/2022\/09\/6-300x225.jpg 300w\" sizes=\"(max-width: 459px) 100vw, 459px\" \/><\/figure><\/li><li class=\"blocks-gallery-item\"><figure><img loading=\"lazy\" width=\"453\" height=\"340\" src=\"http:\/\/oliwka.hosting24.pl\/wp-content\/uploads\/2022\/09\/7.jpg\" alt=\"\" data-id=\"590\" data-full-url=\"http:\/\/oliwka.hosting24.pl\/wp-content\/uploads\/2022\/09\/7.jpg\" data-link=\"http:\/\/oliwka.hosting24.pl\/index.php\/spotkac-teatr\/attachment\/7\/\" class=\"wp-image-590\" srcset=\"http:\/\/oliwka.hosting24.pl\/wp-content\/uploads\/2022\/09\/7.jpg 453w, http:\/\/oliwka.hosting24.pl\/wp-content\/uploads\/2022\/09\/7-300x225.jpg 300w\" sizes=\"(max-width: 453px) 100vw, 453px\" \/><\/figure><\/li><li class=\"blocks-gallery-item\"><figure><img loading=\"lazy\" width=\"462\" height=\"346\" src=\"http:\/\/oliwka.hosting24.pl\/wp-content\/uploads\/2022\/09\/8.jpg\" alt=\"\" data-id=\"591\" data-full-url=\"http:\/\/oliwka.hosting24.pl\/wp-content\/uploads\/2022\/09\/8.jpg\" data-link=\"http:\/\/oliwka.hosting24.pl\/index.php\/spotkac-teatr\/attachment\/8\/\" class=\"wp-image-591\" srcset=\"http:\/\/oliwka.hosting24.pl\/wp-content\/uploads\/2022\/09\/8.jpg 462w, http:\/\/oliwka.hosting24.pl\/wp-content\/uploads\/2022\/09\/8-300x225.jpg 300w\" sizes=\"(max-width: 462px) 100vw, 462px\" \/><\/figure><\/li><li class=\"blocks-gallery-item\"><figure><img loading=\"lazy\" width=\"433\" height=\"325\" src=\"http:\/\/oliwka.hosting24.pl\/wp-content\/uploads\/2022\/09\/9.jpg\" alt=\"\" data-id=\"592\" data-full-url=\"http:\/\/oliwka.hosting24.pl\/wp-content\/uploads\/2022\/09\/9.jpg\" data-link=\"http:\/\/oliwka.hosting24.pl\/index.php\/spotkac-teatr\/attachment\/9\/\" class=\"wp-image-592\" srcset=\"http:\/\/oliwka.hosting24.pl\/wp-content\/uploads\/2022\/09\/9.jpg 433w, http:\/\/oliwka.hosting24.pl\/wp-content\/uploads\/2022\/09\/9-300x225.jpg 300w\" sizes=\"(max-width: 433px) 100vw, 433px\" \/><\/figure><\/li><li class=\"blocks-gallery-item\"><figure><img loading=\"lazy\" width=\"439\" height=\"329\" src=\"http:\/\/oliwka.hosting24.pl\/wp-content\/uploads\/2022\/09\/10.jpg\" alt=\"\" data-id=\"593\" data-full-url=\"http:\/\/oliwka.hosting24.pl\/wp-content\/uploads\/2022\/09\/10.jpg\" data-link=\"http:\/\/oliwka.hosting24.pl\/index.php\/spotkac-teatr\/attachment\/10\/\" class=\"wp-image-593\" srcset=\"http:\/\/oliwka.hosting24.pl\/wp-content\/uploads\/2022\/09\/10.jpg 439w, http:\/\/oliwka.hosting24.pl\/wp-content\/uploads\/2022\/09\/10-300x225.jpg 300w\" sizes=\"(max-width: 439px) 100vw, 439px\" \/><\/figure><\/li><\/ul><\/figure>\n","protected":false},"excerpt":{"rendered":"<p>Cele realizowane podczas zaj\u0119\u0107 s\u0105 nast\u0119puj\u0105ce: &#8211; kszta\u0142cenie widza rozumiej\u0105cego konwencj\u0119 teatru, &#8211; wprowadzenie do wiedzy o teatrze, jako zjawisku artystycznym i spo\u0142ecznym, &#8211; uaktywnienie potencjalnych widz\u00f3w teatralnych i u\u015bwiadomienie im ich roli w tworzeniu spektaklu teatralnego, &#8211; ustalenie i utrwalenie zasad, kt\u00f3re dotycz\u0105 uczestnik\u00f3w spotkania teatralnego,(aktor\u00f3w, widz\u00f3w i postaci scenicznych) &#8211; aktywny udzia\u0142 w&hellip; <br \/> <a class=\"read-more\" href=\"http:\/\/oliwka.hosting24.pl\/index.php\/spotkac-teatr\/\">Przeczytaj wi\u0119cej<\/a><\/p>\n","protected":false},"author":1,"featured_media":0,"parent":0,"menu_order":0,"comment_status":"closed","ping_status":"closed","template":"","meta":[],"_links":{"self":[{"href":"http:\/\/oliwka.hosting24.pl\/index.php\/wp-json\/wp\/v2\/pages\/213"}],"collection":[{"href":"http:\/\/oliwka.hosting24.pl\/index.php\/wp-json\/wp\/v2\/pages"}],"about":[{"href":"http:\/\/oliwka.hosting24.pl\/index.php\/wp-json\/wp\/v2\/types\/page"}],"author":[{"embeddable":true,"href":"http:\/\/oliwka.hosting24.pl\/index.php\/wp-json\/wp\/v2\/users\/1"}],"replies":[{"embeddable":true,"href":"http:\/\/oliwka.hosting24.pl\/index.php\/wp-json\/wp\/v2\/comments?post=213"}],"version-history":[{"count":18,"href":"http:\/\/oliwka.hosting24.pl\/index.php\/wp-json\/wp\/v2\/pages\/213\/revisions"}],"predecessor-version":[{"id":614,"href":"http:\/\/oliwka.hosting24.pl\/index.php\/wp-json\/wp\/v2\/pages\/213\/revisions\/614"}],"wp:attachment":[{"href":"http:\/\/oliwka.hosting24.pl\/index.php\/wp-json\/wp\/v2\/media?parent=213"}],"curies":[{"name":"wp","href":"https:\/\/api.w.org\/{rel}","templated":true}]}}