{"id":223,"date":"2019-10-12T18:27:56","date_gmt":"2019-10-12T18:27:56","guid":{"rendered":"http:\/\/oliwka.hosting24.pl\/?page_id=223"},"modified":"2022-09-27T16:51:37","modified_gmt":"2022-09-27T16:51:37","slug":"rozumiec-teatr","status":"publish","type":"page","link":"http:\/\/oliwka.hosting24.pl\/index.php\/rozumiec-teatr\/","title":{"rendered":""},"content":{"rendered":"\n<div class=\"wp-block-image\"><figure class=\"aligncenter size-large is-resized\"><img loading=\"lazy\" src=\"http:\/\/oliwka.hosting24.pl\/wp-content\/uploads\/2022\/09\/rozumiec-1024x304.jpg\" alt=\"\" class=\"wp-image-620\" width=\"768\" height=\"228\" srcset=\"http:\/\/oliwka.hosting24.pl\/wp-content\/uploads\/2022\/09\/rozumiec-1024x304.jpg 1024w, http:\/\/oliwka.hosting24.pl\/wp-content\/uploads\/2022\/09\/rozumiec-300x89.jpg 300w, http:\/\/oliwka.hosting24.pl\/wp-content\/uploads\/2022\/09\/rozumiec-768x228.jpg 768w, http:\/\/oliwka.hosting24.pl\/wp-content\/uploads\/2022\/09\/rozumiec-1536x457.jpg 1536w, http:\/\/oliwka.hosting24.pl\/wp-content\/uploads\/2022\/09\/rozumiec.jpg 1800w\" sizes=\"(max-width: 768px) 100vw, 768px\" \/><\/figure><\/div>\n\n\n\n<p>Celem warsztat\u00f3w jest:<\/p>\n\n\n\n<p>&#8211; kszta\u0142cenie my\u015bl\u0105cego widza,<\/p>\n\n\n\n<p>&#8211; nabycie przez uczestnik\u00f3w umiej\u0119tno\u015bci analizy dzie\u0142a teatralnego w kontek\u015bcie jego \u017ar\u00f3de\u0142 &#8211; czyli jako pochodnej 5 sztuk &#8211; plastyki, muzyki, literatury, gry aktorskiej i sztuki inscenizowania (re\u017cyserii),<\/p>\n\n\n\n<p>&#8211; przypomnienie i utrwalenie podstaw wiedzy o teatrze jako dziedzinie sztuki, zjawisku spo\u0142ecznym i rodzaju rozrywki,<\/p>\n\n\n\n<p>&#8211; przypomnienie zasadniczych informacji o tzw. tw\u00f3rcach dzie\u0142a teatralnego,<\/p>\n\n\n\n<p>&#8211; uwra\u017cliwienie na istotno\u015b\u0107 zespo\u0142u odbiorczego ( czyli widz\u00f3w) w kszta\u0142towaniu dzie\u0142a teatralnego (czyli spektaklu),<\/p>\n\n\n\n<p>&#8211; obejrzenie, prze\u017cycie i przeanalizowanie ( na bie\u017c\u0105co) marionetkowego spektaklu &#8222;Calineczka&#8221;.<\/p>\n\n\n\n<p>Istot\u0105 zaj\u0119\u0107 jest Wielki turniej wiedzy teatralnej, w kt\u00f3rym rywalizuj\u0105 dwie , losowo ustalone, dru\u017cyny.<\/p>\n\n\n\n<p>Warsztaty prowadz\u0105 Ma\u0142gorzata i Artur. S\u0105 one adresowane do wszystkich ludzi, kt\u00f3rzy s\u0105 w stanie zaakceptowa\u0107, jako sobie bliskie, problemy poruszane w ba\u015bniach Andersena.<\/p>\n\n\n\n<p>Zamierzeniem tw\u00f3rc\u00f3w i realizator\u00f3w zaj\u0119\u0107 jest udzia\u0142 w nich dw\u00f3ch klas szkolnych.<\/p>\n\n\n\n<p>Zaj\u0119cia trwaj\u0105 trzy godziny lekcyjne.<\/p>\n\n\n\n<figure class=\"wp-container-2 wp-block-gallery-1 wp-block-gallery columns-3\"><ul class=\"blocks-gallery-grid\"><li class=\"blocks-gallery-item\"><figure><img loading=\"lazy\" width=\"1024\" height=\"768\" src=\"http:\/\/oliwka.hosting24.pl\/wp-content\/uploads\/2019\/10\/PICT0804-1024x768.jpg\" alt=\"\" data-id=\"312\" data-full-url=\"http:\/\/oliwka.hosting24.pl\/wp-content\/uploads\/2019\/10\/PICT0804.jpg\" data-link=\"http:\/\/oliwka.hosting24.pl\/index.php\/rozumiec-teatr\/konica-minolta-digital-camera-2\/\" class=\"wp-image-312\" srcset=\"http:\/\/oliwka.hosting24.pl\/wp-content\/uploads\/2019\/10\/PICT0804-1024x768.jpg 1024w, http:\/\/oliwka.hosting24.pl\/wp-content\/uploads\/2019\/10\/PICT0804-300x225.jpg 300w, http:\/\/oliwka.hosting24.pl\/wp-content\/uploads\/2019\/10\/PICT0804-768x576.jpg 768w, http:\/\/oliwka.hosting24.pl\/wp-content\/uploads\/2019\/10\/PICT0804-1440x1080.jpg 1440w\" sizes=\"(max-width: 1024px) 100vw, 1024px\" \/><\/figure><\/li><li class=\"blocks-gallery-item\"><figure><img loading=\"lazy\" width=\"1024\" height=\"768\" src=\"http:\/\/oliwka.hosting24.pl\/wp-content\/uploads\/2019\/10\/PICT0806-1024x768.jpg\" alt=\"\" data-id=\"313\" data-full-url=\"http:\/\/oliwka.hosting24.pl\/wp-content\/uploads\/2019\/10\/PICT0806.jpg\" data-link=\"http:\/\/oliwka.hosting24.pl\/index.php\/rozumiec-teatr\/konica-minolta-digital-camera-3\/\" class=\"wp-image-313\" srcset=\"http:\/\/oliwka.hosting24.pl\/wp-content\/uploads\/2019\/10\/PICT0806-1024x768.jpg 1024w, http:\/\/oliwka.hosting24.pl\/wp-content\/uploads\/2019\/10\/PICT0806-300x225.jpg 300w, http:\/\/oliwka.hosting24.pl\/wp-content\/uploads\/2019\/10\/PICT0806-768x576.jpg 768w, http:\/\/oliwka.hosting24.pl\/wp-content\/uploads\/2019\/10\/PICT0806-1440x1080.jpg 1440w\" sizes=\"(max-width: 1024px) 100vw, 1024px\" \/><\/figure><\/li><li class=\"blocks-gallery-item\"><figure><img loading=\"lazy\" width=\"1024\" height=\"1014\" src=\"http:\/\/oliwka.hosting24.pl\/wp-content\/uploads\/2019\/10\/poprawione2-1024x1014.jpg\" alt=\"\" data-id=\"314\" data-full-url=\"http:\/\/oliwka.hosting24.pl\/wp-content\/uploads\/2019\/10\/poprawione2.jpg\" data-link=\"http:\/\/oliwka.hosting24.pl\/index.php\/rozumiec-teatr\/konica-minolta-digital-camera-4\/\" class=\"wp-image-314\" srcset=\"http:\/\/oliwka.hosting24.pl\/wp-content\/uploads\/2019\/10\/poprawione2-1024x1014.jpg 1024w, http:\/\/oliwka.hosting24.pl\/wp-content\/uploads\/2019\/10\/poprawione2-150x150.jpg 150w, http:\/\/oliwka.hosting24.pl\/wp-content\/uploads\/2019\/10\/poprawione2-300x297.jpg 300w, http:\/\/oliwka.hosting24.pl\/wp-content\/uploads\/2019\/10\/poprawione2-768x760.jpg 768w, http:\/\/oliwka.hosting24.pl\/wp-content\/uploads\/2019\/10\/poprawione2-1091x1080.jpg 1091w, http:\/\/oliwka.hosting24.pl\/wp-content\/uploads\/2019\/10\/poprawione2.jpg 1515w\" sizes=\"(max-width: 1024px) 100vw, 1024px\" \/><\/figure><\/li><li class=\"blocks-gallery-item\"><figure><img loading=\"lazy\" width=\"765\" height=\"408\" src=\"http:\/\/oliwka.hosting24.pl\/wp-content\/uploads\/2019\/09\/Zdj\ufffdcie000014.jpg\" alt=\"\" data-id=\"121\" data-full-url=\"http:\/\/oliwka.hosting24.pl\/wp-content\/uploads\/2019\/09\/Zdj\ufffdcie000014.jpg\" data-link=\"http:\/\/oliwka.hosting24.pl\/zdj%ef%bf%bdcie000014\/\" class=\"wp-image-121\" srcset=\"http:\/\/oliwka.hosting24.pl\/wp-content\/uploads\/2019\/09\/Zdj\ufffdcie000014.jpg 765w, http:\/\/oliwka.hosting24.pl\/wp-content\/uploads\/2019\/09\/Zdj\ufffdcie000014-300x160.jpg 300w\" sizes=\"(max-width: 765px) 100vw, 765px\" \/><\/figure><\/li><li class=\"blocks-gallery-item\"><figure><img loading=\"lazy\" width=\"827\" height=\"409\" src=\"http:\/\/oliwka.hosting24.pl\/wp-content\/uploads\/2019\/09\/Zdj\ufffdcie000011.jpg\" alt=\"\" data-id=\"122\" data-full-url=\"http:\/\/oliwka.hosting24.pl\/wp-content\/uploads\/2019\/09\/Zdj\ufffdcie000011.jpg\" data-link=\"http:\/\/oliwka.hosting24.pl\/zdj%ef%bf%bdcie000011\/\" class=\"wp-image-122\" srcset=\"http:\/\/oliwka.hosting24.pl\/wp-content\/uploads\/2019\/09\/Zdj\ufffdcie000011.jpg 827w, http:\/\/oliwka.hosting24.pl\/wp-content\/uploads\/2019\/09\/Zdj\ufffdcie000011-300x148.jpg 300w, http:\/\/oliwka.hosting24.pl\/wp-content\/uploads\/2019\/09\/Zdj\ufffdcie000011-768x380.jpg 768w\" sizes=\"(max-width: 827px) 100vw, 827px\" \/><\/figure><\/li><\/ul><\/figure>\n","protected":false},"excerpt":{"rendered":"<p>Celem warsztat\u00f3w jest: &#8211; kszta\u0142cenie my\u015bl\u0105cego widza, &#8211; nabycie przez uczestnik\u00f3w umiej\u0119tno\u015bci analizy dzie\u0142a teatralnego w kontek\u015bcie jego \u017ar\u00f3de\u0142 &#8211; czyli jako pochodnej 5 sztuk &#8211; plastyki, muzyki, literatury, gry aktorskiej i sztuki inscenizowania (re\u017cyserii), &#8211; przypomnienie i utrwalenie podstaw wiedzy o teatrze jako dziedzinie sztuki, zjawisku spo\u0142ecznym i rodzaju rozrywki, &#8211; przypomnienie zasadniczych informacji&hellip; <br \/> <a class=\"read-more\" href=\"http:\/\/oliwka.hosting24.pl\/index.php\/rozumiec-teatr\/\">Przeczytaj wi\u0119cej<\/a><\/p>\n","protected":false},"author":1,"featured_media":0,"parent":0,"menu_order":0,"comment_status":"closed","ping_status":"closed","template":"","meta":[],"_links":{"self":[{"href":"http:\/\/oliwka.hosting24.pl\/index.php\/wp-json\/wp\/v2\/pages\/223"}],"collection":[{"href":"http:\/\/oliwka.hosting24.pl\/index.php\/wp-json\/wp\/v2\/pages"}],"about":[{"href":"http:\/\/oliwka.hosting24.pl\/index.php\/wp-json\/wp\/v2\/types\/page"}],"author":[{"embeddable":true,"href":"http:\/\/oliwka.hosting24.pl\/index.php\/wp-json\/wp\/v2\/users\/1"}],"replies":[{"embeddable":true,"href":"http:\/\/oliwka.hosting24.pl\/index.php\/wp-json\/wp\/v2\/comments?post=223"}],"version-history":[{"count":15,"href":"http:\/\/oliwka.hosting24.pl\/index.php\/wp-json\/wp\/v2\/pages\/223\/revisions"}],"predecessor-version":[{"id":624,"href":"http:\/\/oliwka.hosting24.pl\/index.php\/wp-json\/wp\/v2\/pages\/223\/revisions\/624"}],"wp:attachment":[{"href":"http:\/\/oliwka.hosting24.pl\/index.php\/wp-json\/wp\/v2\/media?parent=223"}],"curies":[{"name":"wp","href":"https:\/\/api.w.org\/{rel}","templated":true}]}}