{"id":226,"date":"2019-10-12T18:28:17","date_gmt":"2019-10-12T18:28:17","guid":{"rendered":"http:\/\/oliwka.hosting24.pl\/?page_id=226"},"modified":"2022-11-08T10:09:43","modified_gmt":"2022-11-08T10:09:43","slug":"tworzyc-teatr","status":"publish","type":"page","link":"http:\/\/oliwka.hosting24.pl\/index.php\/tworzyc-teatr\/","title":{"rendered":""},"content":{"rendered":"\n<figure class=\"wp-block-image size-large is-resized\"><img loading=\"lazy\" src=\"http:\/\/oliwka.hosting24.pl\/wp-content\/uploads\/2022\/11\/Artboard-3-1024x304.jpg\" alt=\"\" class=\"wp-image-640\" width=\"768\" height=\"228\" srcset=\"http:\/\/oliwka.hosting24.pl\/wp-content\/uploads\/2022\/11\/Artboard-3-1024x304.jpg 1024w, http:\/\/oliwka.hosting24.pl\/wp-content\/uploads\/2022\/11\/Artboard-3-300x89.jpg 300w, http:\/\/oliwka.hosting24.pl\/wp-content\/uploads\/2022\/11\/Artboard-3-768x228.jpg 768w, http:\/\/oliwka.hosting24.pl\/wp-content\/uploads\/2022\/11\/Artboard-3-1536x457.jpg 1536w, http:\/\/oliwka.hosting24.pl\/wp-content\/uploads\/2022\/11\/Artboard-3.jpg 1800w\" sizes=\"(max-width: 768px) 100vw, 768px\" \/><\/figure>\n\n\n\n<p>Warsztaty ( przewidziane dla oko\u0142o 25 os\u00f3b) prowadzi Artur.<\/p>\n\n\n\n<p>Podczas zaj\u0119\u0107 realizowane s\u0105 nast\u0119puj\u0105ce cele:<\/p>\n\n\n\n<p>&#8211; kszta\u0142cenie przysz\u0142ego aktora,<\/p>\n\n\n\n<p>&#8211; zagranie przez uczestnik\u00f3w dwuaktowego przedstawienia teatralnego,<\/p>\n\n\n\n<p>&#8211; utrwalenie za pomoc\u0105 nagrania owocu pracy uczestnik\u00f3w warsztat\u00f3w,<\/p>\n\n\n\n<p>&#8211; zastosowanie osobistych zasob\u00f3w ( intelektualnych, fizycznych i emocjonalnych) do tworzenia dzie\u0142a sztuki jakim jest spektakl teatralny,<\/p>\n\n\n\n<p>&#8211; rozwijanie umiej\u0119tno\u015bci wsp\u00f3\u0142dzia\u0142ania w stresowej sytuacji grania spektaklu teatralnego,<\/p>\n\n\n\n<p>&#8211; zg\u0142\u0119bianie tajnik\u00f3w gry aktorskiej i gry lalk\u0105 teatraln\u0105,<\/p>\n\n\n\n<p>&#8211; umo\u017cliwienie poznania procesu tworzenia przedstawienia teatralnego z punktu widzenia aktora,<\/p>\n\n\n\n<p>&#8211; usprawnienie w zakresie dyscypliny fizycznej aparatu mowy i cia\u0142a.<\/p>\n\n\n\n<p>Podczas warsztat\u00f3w wykorzystanych jest: oko\u0142o 30 rekwizyt\u00f3w, proste kostiumy teatralne dla ka\u017cdego uczestnika, dekoracje do spektaklu, 9 lalek teatralnych, 4 instrumenty muzyczne, kamera DVD, dywany do \u0107wicze\u0144 fizycznych.<\/p>\n\n\n\n<p>Warsztaty trwaj\u0105 dwa razy po trzy godziny lekcyjne. Zaj\u0119cia odbywaj\u0105 si\u0119 w odst\u0119pie oko\u0142o jednego tygodnia.<\/p>\n\n\n\n<p>Zakres informacji i rodzaj kompetencji dostosowany jest do uczni\u00f3w najstarszej klasy edukacji wczesnoszkolnej i wy\u017cszych klas.<\/p>\n\n\n\n<figure class=\"wp-container-2 wp-block-gallery-1 wp-block-gallery has-nested-images columns-default is-cropped\">\n<figure class=\"wp-block-image size-large\"><img loading=\"lazy\" width=\"1024\" height=\"768\" data-id=\"502\"  src=\"http:\/\/oliwka.hosting24.pl\/wp-content\/uploads\/2020\/12\/P1160463-1024x768.jpg\" alt=\"\" class=\"wp-image-502\" srcset=\"http:\/\/oliwka.hosting24.pl\/wp-content\/uploads\/2020\/12\/P1160463-1024x768.jpg 1024w, http:\/\/oliwka.hosting24.pl\/wp-content\/uploads\/2020\/12\/P1160463-300x225.jpg 300w, http:\/\/oliwka.hosting24.pl\/wp-content\/uploads\/2020\/12\/P1160463-768x576.jpg 768w, http:\/\/oliwka.hosting24.pl\/wp-content\/uploads\/2020\/12\/P1160463-1536x1152.jpg 1536w, http:\/\/oliwka.hosting24.pl\/wp-content\/uploads\/2020\/12\/P1160463-2048x1536.jpg 2048w, http:\/\/oliwka.hosting24.pl\/wp-content\/uploads\/2020\/12\/P1160463-1440x1080.jpg 1440w\" sizes=\"(max-width: 1024px) 100vw, 1024px\" \/><\/figure>\n\n\n\n<figure class=\"wp-block-image size-large\"><img loading=\"lazy\" width=\"1024\" height=\"768\" data-id=\"503\"  src=\"http:\/\/oliwka.hosting24.pl\/wp-content\/uploads\/2020\/12\/P1160504-1024x768.jpg\" alt=\"\" class=\"wp-image-503\" srcset=\"http:\/\/oliwka.hosting24.pl\/wp-content\/uploads\/2020\/12\/P1160504-1024x768.jpg 1024w, http:\/\/oliwka.hosting24.pl\/wp-content\/uploads\/2020\/12\/P1160504-300x225.jpg 300w, http:\/\/oliwka.hosting24.pl\/wp-content\/uploads\/2020\/12\/P1160504-768x576.jpg 768w, http:\/\/oliwka.hosting24.pl\/wp-content\/uploads\/2020\/12\/P1160504-1536x1152.jpg 1536w, http:\/\/oliwka.hosting24.pl\/wp-content\/uploads\/2020\/12\/P1160504-2048x1536.jpg 2048w, http:\/\/oliwka.hosting24.pl\/wp-content\/uploads\/2020\/12\/P1160504-1440x1080.jpg 1440w\" sizes=\"(max-width: 1024px) 100vw, 1024px\" \/><\/figure>\n\n\n\n<figure class=\"wp-block-image size-large\"><img loading=\"lazy\" width=\"1024\" height=\"768\" data-id=\"504\"  src=\"http:\/\/oliwka.hosting24.pl\/wp-content\/uploads\/2020\/12\/P1160507-1024x768.jpg\" alt=\"\" class=\"wp-image-504\" srcset=\"http:\/\/oliwka.hosting24.pl\/wp-content\/uploads\/2020\/12\/P1160507-1024x768.jpg 1024w, http:\/\/oliwka.hosting24.pl\/wp-content\/uploads\/2020\/12\/P1160507-300x225.jpg 300w, http:\/\/oliwka.hosting24.pl\/wp-content\/uploads\/2020\/12\/P1160507-768x576.jpg 768w, http:\/\/oliwka.hosting24.pl\/wp-content\/uploads\/2020\/12\/P1160507-1536x1152.jpg 1536w, http:\/\/oliwka.hosting24.pl\/wp-content\/uploads\/2020\/12\/P1160507-2048x1536.jpg 2048w, http:\/\/oliwka.hosting24.pl\/wp-content\/uploads\/2020\/12\/P1160507-1440x1080.jpg 1440w\" sizes=\"(max-width: 1024px) 100vw, 1024px\" \/><\/figure>\n\n\n\n<figure class=\"wp-block-image size-large\"><img loading=\"lazy\" width=\"1024\" height=\"768\" data-id=\"505\"  src=\"http:\/\/oliwka.hosting24.pl\/wp-content\/uploads\/2020\/12\/P1160508-1024x768.jpg\" alt=\"\" class=\"wp-image-505\" srcset=\"http:\/\/oliwka.hosting24.pl\/wp-content\/uploads\/2020\/12\/P1160508-1024x768.jpg 1024w, http:\/\/oliwka.hosting24.pl\/wp-content\/uploads\/2020\/12\/P1160508-300x225.jpg 300w, http:\/\/oliwka.hosting24.pl\/wp-content\/uploads\/2020\/12\/P1160508-768x576.jpg 768w, http:\/\/oliwka.hosting24.pl\/wp-content\/uploads\/2020\/12\/P1160508-1536x1152.jpg 1536w, http:\/\/oliwka.hosting24.pl\/wp-content\/uploads\/2020\/12\/P1160508-2048x1536.jpg 2048w, http:\/\/oliwka.hosting24.pl\/wp-content\/uploads\/2020\/12\/P1160508-1440x1080.jpg 1440w\" sizes=\"(max-width: 1024px) 100vw, 1024px\" \/><\/figure>\n\n\n\n<figure class=\"wp-block-image size-large\"><img loading=\"lazy\" width=\"1024\" height=\"768\" data-id=\"506\"  src=\"http:\/\/oliwka.hosting24.pl\/wp-content\/uploads\/2020\/12\/P1160509-1024x768.jpg\" alt=\"\" class=\"wp-image-506\" srcset=\"http:\/\/oliwka.hosting24.pl\/wp-content\/uploads\/2020\/12\/P1160509-1024x768.jpg 1024w, http:\/\/oliwka.hosting24.pl\/wp-content\/uploads\/2020\/12\/P1160509-300x225.jpg 300w, http:\/\/oliwka.hosting24.pl\/wp-content\/uploads\/2020\/12\/P1160509-768x576.jpg 768w, http:\/\/oliwka.hosting24.pl\/wp-content\/uploads\/2020\/12\/P1160509-1536x1152.jpg 1536w, http:\/\/oliwka.hosting24.pl\/wp-content\/uploads\/2020\/12\/P1160509-2048x1536.jpg 2048w, http:\/\/oliwka.hosting24.pl\/wp-content\/uploads\/2020\/12\/P1160509-1440x1080.jpg 1440w\" sizes=\"(max-width: 1024px) 100vw, 1024px\" \/><\/figure>\n\n\n\n<figure class=\"wp-block-image size-large\"><img loading=\"lazy\" width=\"1024\" height=\"768\" data-id=\"507\"  src=\"http:\/\/oliwka.hosting24.pl\/wp-content\/uploads\/2020\/12\/P1160517-1024x768.jpg\" alt=\"\" class=\"wp-image-507\" srcset=\"http:\/\/oliwka.hosting24.pl\/wp-content\/uploads\/2020\/12\/P1160517-1024x768.jpg 1024w, http:\/\/oliwka.hosting24.pl\/wp-content\/uploads\/2020\/12\/P1160517-300x225.jpg 300w, http:\/\/oliwka.hosting24.pl\/wp-content\/uploads\/2020\/12\/P1160517-768x576.jpg 768w, http:\/\/oliwka.hosting24.pl\/wp-content\/uploads\/2020\/12\/P1160517-1536x1152.jpg 1536w, http:\/\/oliwka.hosting24.pl\/wp-content\/uploads\/2020\/12\/P1160517-2048x1536.jpg 2048w, http:\/\/oliwka.hosting24.pl\/wp-content\/uploads\/2020\/12\/P1160517-1440x1080.jpg 1440w\" sizes=\"(max-width: 1024px) 100vw, 1024px\" \/><\/figure>\n\n\n\n<figure class=\"wp-block-image size-large\"><img loading=\"lazy\" width=\"1024\" height=\"768\" data-id=\"508\"  src=\"http:\/\/oliwka.hosting24.pl\/wp-content\/uploads\/2020\/12\/P1160518-1024x768.jpg\" alt=\"\" class=\"wp-image-508\" srcset=\"http:\/\/oliwka.hosting24.pl\/wp-content\/uploads\/2020\/12\/P1160518-1024x768.jpg 1024w, http:\/\/oliwka.hosting24.pl\/wp-content\/uploads\/2020\/12\/P1160518-300x225.jpg 300w, http:\/\/oliwka.hosting24.pl\/wp-content\/uploads\/2020\/12\/P1160518-768x576.jpg 768w, http:\/\/oliwka.hosting24.pl\/wp-content\/uploads\/2020\/12\/P1160518-1536x1152.jpg 1536w, http:\/\/oliwka.hosting24.pl\/wp-content\/uploads\/2020\/12\/P1160518-2048x1536.jpg 2048w, http:\/\/oliwka.hosting24.pl\/wp-content\/uploads\/2020\/12\/P1160518-1440x1080.jpg 1440w\" sizes=\"(max-width: 1024px) 100vw, 1024px\" \/><\/figure>\n\n\n\n<figure class=\"wp-block-image size-large\"><img loading=\"lazy\" width=\"768\" height=\"1024\" data-id=\"509\"  src=\"http:\/\/oliwka.hosting24.pl\/wp-content\/uploads\/2020\/12\/P1160520-768x1024.jpg\" alt=\"\" class=\"wp-image-509\" srcset=\"http:\/\/oliwka.hosting24.pl\/wp-content\/uploads\/2020\/12\/P1160520-768x1024.jpg 768w, http:\/\/oliwka.hosting24.pl\/wp-content\/uploads\/2020\/12\/P1160520-225x300.jpg 225w, http:\/\/oliwka.hosting24.pl\/wp-content\/uploads\/2020\/12\/P1160520-1152x1536.jpg 1152w, http:\/\/oliwka.hosting24.pl\/wp-content\/uploads\/2020\/12\/P1160520-1536x2048.jpg 1536w, http:\/\/oliwka.hosting24.pl\/wp-content\/uploads\/2020\/12\/P1160520-1024x1365.jpg 1024w, http:\/\/oliwka.hosting24.pl\/wp-content\/uploads\/2020\/12\/P1160520-810x1080.jpg 810w, http:\/\/oliwka.hosting24.pl\/wp-content\/uploads\/2020\/12\/P1160520-scaled.jpg 1920w\" sizes=\"(max-width: 768px) 100vw, 768px\" \/><\/figure>\n\n\n\n<figure class=\"wp-block-image size-large\"><img loading=\"lazy\" width=\"1024\" height=\"768\" data-id=\"510\"  src=\"http:\/\/oliwka.hosting24.pl\/wp-content\/uploads\/2020\/12\/P1160524-1024x768.jpg\" alt=\"\" class=\"wp-image-510\" srcset=\"http:\/\/oliwka.hosting24.pl\/wp-content\/uploads\/2020\/12\/P1160524-1024x768.jpg 1024w, http:\/\/oliwka.hosting24.pl\/wp-content\/uploads\/2020\/12\/P1160524-300x225.jpg 300w, http:\/\/oliwka.hosting24.pl\/wp-content\/uploads\/2020\/12\/P1160524-768x576.jpg 768w, http:\/\/oliwka.hosting24.pl\/wp-content\/uploads\/2020\/12\/P1160524-1536x1152.jpg 1536w, http:\/\/oliwka.hosting24.pl\/wp-content\/uploads\/2020\/12\/P1160524-2048x1536.jpg 2048w, http:\/\/oliwka.hosting24.pl\/wp-content\/uploads\/2020\/12\/P1160524-1440x1080.jpg 1440w\" sizes=\"(max-width: 1024px) 100vw, 1024px\" \/><\/figure>\n\n\n\n<figure class=\"wp-block-image size-large\"><img loading=\"lazy\" width=\"768\" height=\"1024\" data-id=\"511\"  src=\"http:\/\/oliwka.hosting24.pl\/wp-content\/uploads\/2020\/12\/P1160525-768x1024.jpg\" alt=\"\" class=\"wp-image-511\" srcset=\"http:\/\/oliwka.hosting24.pl\/wp-content\/uploads\/2020\/12\/P1160525-768x1024.jpg 768w, http:\/\/oliwka.hosting24.pl\/wp-content\/uploads\/2020\/12\/P1160525-225x300.jpg 225w, http:\/\/oliwka.hosting24.pl\/wp-content\/uploads\/2020\/12\/P1160525-1152x1536.jpg 1152w, http:\/\/oliwka.hosting24.pl\/wp-content\/uploads\/2020\/12\/P1160525-1536x2048.jpg 1536w, http:\/\/oliwka.hosting24.pl\/wp-content\/uploads\/2020\/12\/P1160525-1024x1365.jpg 1024w, http:\/\/oliwka.hosting24.pl\/wp-content\/uploads\/2020\/12\/P1160525-810x1080.jpg 810w, http:\/\/oliwka.hosting24.pl\/wp-content\/uploads\/2020\/12\/P1160525-scaled.jpg 1920w\" sizes=\"(max-width: 768px) 100vw, 768px\" \/><\/figure>\n\n\n\n<figure class=\"wp-block-image size-large\"><img loading=\"lazy\" width=\"1024\" height=\"768\" data-id=\"512\"  src=\"http:\/\/oliwka.hosting24.pl\/wp-content\/uploads\/2020\/12\/P1160541-1024x768.jpg\" alt=\"\" class=\"wp-image-512\" srcset=\"http:\/\/oliwka.hosting24.pl\/wp-content\/uploads\/2020\/12\/P1160541-1024x768.jpg 1024w, http:\/\/oliwka.hosting24.pl\/wp-content\/uploads\/2020\/12\/P1160541-300x225.jpg 300w, http:\/\/oliwka.hosting24.pl\/wp-content\/uploads\/2020\/12\/P1160541-768x576.jpg 768w, http:\/\/oliwka.hosting24.pl\/wp-content\/uploads\/2020\/12\/P1160541-1536x1152.jpg 1536w, http:\/\/oliwka.hosting24.pl\/wp-content\/uploads\/2020\/12\/P1160541-2048x1536.jpg 2048w, http:\/\/oliwka.hosting24.pl\/wp-content\/uploads\/2020\/12\/P1160541-1440x1080.jpg 1440w\" sizes=\"(max-width: 1024px) 100vw, 1024px\" \/><\/figure>\n\n\n\n<figure class=\"wp-block-image size-large\"><img loading=\"lazy\" width=\"1024\" height=\"768\" data-id=\"513\"  src=\"http:\/\/oliwka.hosting24.pl\/wp-content\/uploads\/2020\/12\/P1160545-1024x768.jpg\" alt=\"\" class=\"wp-image-513\" srcset=\"http:\/\/oliwka.hosting24.pl\/wp-content\/uploads\/2020\/12\/P1160545-1024x768.jpg 1024w, http:\/\/oliwka.hosting24.pl\/wp-content\/uploads\/2020\/12\/P1160545-300x225.jpg 300w, http:\/\/oliwka.hosting24.pl\/wp-content\/uploads\/2020\/12\/P1160545-768x576.jpg 768w, http:\/\/oliwka.hosting24.pl\/wp-content\/uploads\/2020\/12\/P1160545-1536x1152.jpg 1536w, http:\/\/oliwka.hosting24.pl\/wp-content\/uploads\/2020\/12\/P1160545-2048x1536.jpg 2048w, http:\/\/oliwka.hosting24.pl\/wp-content\/uploads\/2020\/12\/P1160545-1440x1080.jpg 1440w\" sizes=\"(max-width: 1024px) 100vw, 1024px\" \/><\/figure>\n\n\n\n<figure class=\"wp-block-image size-large\"><img loading=\"lazy\" width=\"768\" height=\"1024\" data-id=\"514\"  src=\"http:\/\/oliwka.hosting24.pl\/wp-content\/uploads\/2020\/12\/P1160752-768x1024.jpg\" alt=\"\" class=\"wp-image-514\" srcset=\"http:\/\/oliwka.hosting24.pl\/wp-content\/uploads\/2020\/12\/P1160752-768x1024.jpg 768w, http:\/\/oliwka.hosting24.pl\/wp-content\/uploads\/2020\/12\/P1160752-225x300.jpg 225w, http:\/\/oliwka.hosting24.pl\/wp-content\/uploads\/2020\/12\/P1160752-1152x1536.jpg 1152w, http:\/\/oliwka.hosting24.pl\/wp-content\/uploads\/2020\/12\/P1160752-1536x2048.jpg 1536w, http:\/\/oliwka.hosting24.pl\/wp-content\/uploads\/2020\/12\/P1160752-1024x1365.jpg 1024w, http:\/\/oliwka.hosting24.pl\/wp-content\/uploads\/2020\/12\/P1160752-810x1080.jpg 810w, http:\/\/oliwka.hosting24.pl\/wp-content\/uploads\/2020\/12\/P1160752-scaled.jpg 1920w\" sizes=\"(max-width: 768px) 100vw, 768px\" \/><\/figure>\n\n\n\n<figure class=\"wp-block-image size-large\"><img loading=\"lazy\" width=\"768\" height=\"1024\" data-id=\"515\"  src=\"http:\/\/oliwka.hosting24.pl\/wp-content\/uploads\/2020\/12\/P1160762-768x1024.jpg\" alt=\"\" class=\"wp-image-515\" srcset=\"http:\/\/oliwka.hosting24.pl\/wp-content\/uploads\/2020\/12\/P1160762-768x1024.jpg 768w, http:\/\/oliwka.hosting24.pl\/wp-content\/uploads\/2020\/12\/P1160762-225x300.jpg 225w, http:\/\/oliwka.hosting24.pl\/wp-content\/uploads\/2020\/12\/P1160762-1152x1536.jpg 1152w, http:\/\/oliwka.hosting24.pl\/wp-content\/uploads\/2020\/12\/P1160762-1536x2048.jpg 1536w, http:\/\/oliwka.hosting24.pl\/wp-content\/uploads\/2020\/12\/P1160762-1024x1365.jpg 1024w, http:\/\/oliwka.hosting24.pl\/wp-content\/uploads\/2020\/12\/P1160762-810x1080.jpg 810w, http:\/\/oliwka.hosting24.pl\/wp-content\/uploads\/2020\/12\/P1160762-scaled.jpg 1920w\" sizes=\"(max-width: 768px) 100vw, 768px\" \/><\/figure>\n\n\n\n<figure class=\"wp-block-image size-large\"><img loading=\"lazy\" width=\"768\" height=\"1024\" data-id=\"516\"  src=\"http:\/\/oliwka.hosting24.pl\/wp-content\/uploads\/2020\/12\/P1160768-768x1024.jpg\" alt=\"\" class=\"wp-image-516\" srcset=\"http:\/\/oliwka.hosting24.pl\/wp-content\/uploads\/2020\/12\/P1160768-768x1024.jpg 768w, http:\/\/oliwka.hosting24.pl\/wp-content\/uploads\/2020\/12\/P1160768-225x300.jpg 225w, http:\/\/oliwka.hosting24.pl\/wp-content\/uploads\/2020\/12\/P1160768-1152x1536.jpg 1152w, http:\/\/oliwka.hosting24.pl\/wp-content\/uploads\/2020\/12\/P1160768-1536x2048.jpg 1536w, http:\/\/oliwka.hosting24.pl\/wp-content\/uploads\/2020\/12\/P1160768-1024x1365.jpg 1024w, http:\/\/oliwka.hosting24.pl\/wp-content\/uploads\/2020\/12\/P1160768-810x1080.jpg 810w, http:\/\/oliwka.hosting24.pl\/wp-content\/uploads\/2020\/12\/P1160768-scaled.jpg 1920w\" sizes=\"(max-width: 768px) 100vw, 768px\" \/><\/figure>\n\n\n\n<figure class=\"wp-block-image size-large\"><img loading=\"lazy\" width=\"1024\" height=\"862\" data-id=\"517\"  src=\"http:\/\/oliwka.hosting24.pl\/wp-content\/uploads\/2020\/12\/poprawione4-1-1024x862.jpg\" alt=\"\" class=\"wp-image-517\" srcset=\"http:\/\/oliwka.hosting24.pl\/wp-content\/uploads\/2020\/12\/poprawione4-1-1024x862.jpg 1024w, http:\/\/oliwka.hosting24.pl\/wp-content\/uploads\/2020\/12\/poprawione4-1-300x253.jpg 300w, http:\/\/oliwka.hosting24.pl\/wp-content\/uploads\/2020\/12\/poprawione4-1-768x647.jpg 768w, http:\/\/oliwka.hosting24.pl\/wp-content\/uploads\/2020\/12\/poprawione4-1-1536x1293.jpg 1536w, http:\/\/oliwka.hosting24.pl\/wp-content\/uploads\/2020\/12\/poprawione4-1-1283x1080.jpg 1283w, http:\/\/oliwka.hosting24.pl\/wp-content\/uploads\/2020\/12\/poprawione4-1.jpg 1568w\" sizes=\"(max-width: 1024px) 100vw, 1024px\" \/><\/figure>\n\n\n\n<figure class=\"wp-block-image size-large\"><img loading=\"lazy\" width=\"1024\" height=\"640\" data-id=\"518\"  src=\"http:\/\/oliwka.hosting24.pl\/wp-content\/uploads\/2020\/12\/poprawiony-1024x640.jpg\" alt=\"\" class=\"wp-image-518\" srcset=\"http:\/\/oliwka.hosting24.pl\/wp-content\/uploads\/2020\/12\/poprawiony-1024x640.jpg 1024w, http:\/\/oliwka.hosting24.pl\/wp-content\/uploads\/2020\/12\/poprawiony-300x188.jpg 300w, http:\/\/oliwka.hosting24.pl\/wp-content\/uploads\/2020\/12\/poprawiony-768x480.jpg 768w, http:\/\/oliwka.hosting24.pl\/wp-content\/uploads\/2020\/12\/poprawiony-1536x960.jpg 1536w, http:\/\/oliwka.hosting24.pl\/wp-content\/uploads\/2020\/12\/poprawiony-2048x1280.jpg 2048w, http:\/\/oliwka.hosting24.pl\/wp-content\/uploads\/2020\/12\/poprawiony-1728x1080.jpg 1728w\" sizes=\"(max-width: 1024px) 100vw, 1024px\" \/><\/figure>\n\n\n\n<figure class=\"wp-block-image size-large\"><img loading=\"lazy\" width=\"919\" height=\"1024\" data-id=\"519\"  src=\"http:\/\/oliwka.hosting24.pl\/wp-content\/uploads\/2020\/12\/poprawiony2-919x1024.jpg\" alt=\"\" class=\"wp-image-519\" srcset=\"http:\/\/oliwka.hosting24.pl\/wp-content\/uploads\/2020\/12\/poprawiony2-919x1024.jpg 919w, http:\/\/oliwka.hosting24.pl\/wp-content\/uploads\/2020\/12\/poprawiony2-269x300.jpg 269w, http:\/\/oliwka.hosting24.pl\/wp-content\/uploads\/2020\/12\/poprawiony2-768x856.jpg 768w, http:\/\/oliwka.hosting24.pl\/wp-content\/uploads\/2020\/12\/poprawiony2-1378x1536.jpg 1378w, http:\/\/oliwka.hosting24.pl\/wp-content\/uploads\/2020\/12\/poprawiony2-1024x1141.jpg 1024w, http:\/\/oliwka.hosting24.pl\/wp-content\/uploads\/2020\/12\/poprawiony2-969x1080.jpg 969w, http:\/\/oliwka.hosting24.pl\/wp-content\/uploads\/2020\/12\/poprawiony2.jpg 1432w\" sizes=\"(max-width: 919px) 100vw, 919px\" \/><\/figure>\n\n\n\n<figure class=\"wp-block-image size-large\"><img loading=\"lazy\" width=\"1024\" height=\"994\" data-id=\"520\"  src=\"http:\/\/oliwka.hosting24.pl\/wp-content\/uploads\/2020\/12\/poprawiony3-1024x994.jpg\" alt=\"\" class=\"wp-image-520\" srcset=\"http:\/\/oliwka.hosting24.pl\/wp-content\/uploads\/2020\/12\/poprawiony3-1024x994.jpg 1024w, http:\/\/oliwka.hosting24.pl\/wp-content\/uploads\/2020\/12\/poprawiony3-300x291.jpg 300w, http:\/\/oliwka.hosting24.pl\/wp-content\/uploads\/2020\/12\/poprawiony3-768x746.jpg 768w, http:\/\/oliwka.hosting24.pl\/wp-content\/uploads\/2020\/12\/poprawiony3-1536x1491.jpg 1536w, http:\/\/oliwka.hosting24.pl\/wp-content\/uploads\/2020\/12\/poprawiony3-2048x1988.jpg 2048w, http:\/\/oliwka.hosting24.pl\/wp-content\/uploads\/2020\/12\/poprawiony3-1112x1080.jpg 1112w\" sizes=\"(max-width: 1024px) 100vw, 1024px\" \/><\/figure>\n\n\n\n<figure class=\"wp-block-image size-large\"><img loading=\"lazy\" width=\"768\" height=\"1024\" data-id=\"521\"  src=\"http:\/\/oliwka.hosting24.pl\/wp-content\/uploads\/2020\/12\/poprawiony4-768x1024.jpg\" alt=\"\" class=\"wp-image-521\" srcset=\"http:\/\/oliwka.hosting24.pl\/wp-content\/uploads\/2020\/12\/poprawiony4-768x1024.jpg 768w, http:\/\/oliwka.hosting24.pl\/wp-content\/uploads\/2020\/12\/poprawiony4-225x300.jpg 225w, http:\/\/oliwka.hosting24.pl\/wp-content\/uploads\/2020\/12\/poprawiony4-1152x1536.jpg 1152w, http:\/\/oliwka.hosting24.pl\/wp-content\/uploads\/2020\/12\/poprawiony4-1536x2048.jpg 1536w, http:\/\/oliwka.hosting24.pl\/wp-content\/uploads\/2020\/12\/poprawiony4-1024x1365.jpg 1024w, http:\/\/oliwka.hosting24.pl\/wp-content\/uploads\/2020\/12\/poprawiony4-810x1080.jpg 810w, http:\/\/oliwka.hosting24.pl\/wp-content\/uploads\/2020\/12\/poprawiony4-scaled.jpg 1920w\" sizes=\"(max-width: 768px) 100vw, 768px\" \/><\/figure>\n<\/figure>\n","protected":false},"excerpt":{"rendered":"<p>Warsztaty ( przewidziane dla oko\u0142o 25 os\u00f3b) prowadzi Artur. Podczas zaj\u0119\u0107 realizowane s\u0105 nast\u0119puj\u0105ce cele: &#8211; kszta\u0142cenie przysz\u0142ego aktora, &#8211; zagranie przez uczestnik\u00f3w dwuaktowego przedstawienia teatralnego, &#8211; utrwalenie za pomoc\u0105 nagrania owocu pracy uczestnik\u00f3w warsztat\u00f3w, &#8211; zastosowanie osobistych zasob\u00f3w ( intelektualnych, fizycznych i emocjonalnych) do tworzenia dzie\u0142a sztuki jakim jest spektakl teatralny, &#8211; rozwijanie umiej\u0119tno\u015bci&hellip; <br \/> <a class=\"read-more\" href=\"http:\/\/oliwka.hosting24.pl\/index.php\/tworzyc-teatr\/\">Przeczytaj wi\u0119cej<\/a><\/p>\n","protected":false},"author":1,"featured_media":0,"parent":0,"menu_order":0,"comment_status":"closed","ping_status":"closed","template":"","meta":[],"_links":{"self":[{"href":"http:\/\/oliwka.hosting24.pl\/index.php\/wp-json\/wp\/v2\/pages\/226"}],"collection":[{"href":"http:\/\/oliwka.hosting24.pl\/index.php\/wp-json\/wp\/v2\/pages"}],"about":[{"href":"http:\/\/oliwka.hosting24.pl\/index.php\/wp-json\/wp\/v2\/types\/page"}],"author":[{"embeddable":true,"href":"http:\/\/oliwka.hosting24.pl\/index.php\/wp-json\/wp\/v2\/users\/1"}],"replies":[{"embeddable":true,"href":"http:\/\/oliwka.hosting24.pl\/index.php\/wp-json\/wp\/v2\/comments?post=226"}],"version-history":[{"count":10,"href":"http:\/\/oliwka.hosting24.pl\/index.php\/wp-json\/wp\/v2\/pages\/226\/revisions"}],"predecessor-version":[{"id":646,"href":"http:\/\/oliwka.hosting24.pl\/index.php\/wp-json\/wp\/v2\/pages\/226\/revisions\/646"}],"wp:attachment":[{"href":"http:\/\/oliwka.hosting24.pl\/index.php\/wp-json\/wp\/v2\/media?parent=226"}],"curies":[{"name":"wp","href":"https:\/\/api.w.org\/{rel}","templated":true}]}}