{"id":229,"date":"2019-10-12T18:28:36","date_gmt":"2019-10-12T18:28:36","guid":{"rendered":"http:\/\/oliwka.hosting24.pl\/?page_id=229"},"modified":"2022-11-08T10:09:19","modified_gmt":"2022-11-08T10:09:19","slug":"po-co-teatr","status":"publish","type":"page","link":"http:\/\/oliwka.hosting24.pl\/index.php\/po-co-teatr\/","title":{"rendered":""},"content":{"rendered":"<div class=\"wp-block-image\">\n<figure class=\"aligncenter size-large is-resized\"><img loading=\"lazy\" src=\"http:\/\/oliwka.hosting24.pl\/wp-content\/uploads\/2022\/11\/Artboard-5-1024x304.jpg\" alt=\"\" class=\"wp-image-642\" width=\"768\" height=\"228\" srcset=\"http:\/\/oliwka.hosting24.pl\/wp-content\/uploads\/2022\/11\/Artboard-5-1024x304.jpg 1024w, http:\/\/oliwka.hosting24.pl\/wp-content\/uploads\/2022\/11\/Artboard-5-300x89.jpg 300w, http:\/\/oliwka.hosting24.pl\/wp-content\/uploads\/2022\/11\/Artboard-5-768x228.jpg 768w, http:\/\/oliwka.hosting24.pl\/wp-content\/uploads\/2022\/11\/Artboard-5-1536x457.jpg 1536w, http:\/\/oliwka.hosting24.pl\/wp-content\/uploads\/2022\/11\/Artboard-5.jpg 1800w\" sizes=\"(max-width: 768px) 100vw, 768px\" \/><\/figure><\/div>\n\n\n<p>W toku warsztat\u00f3w realizowane s\u0105 takie oto cele:<\/p>\n\n\n\n<p>&#8211; kszta\u0142towanie \u015bwiadomego i zaanga\u017cowanego widza,<\/p>\n\n\n\n<p>&#8211; ukazanie roli, jak\u0105 spe\u0142nia teatr w \u017cyciu (ci\u0105gle jeszcze!) wielu ludzi (rozmaitej rangi widz\u00f3w i pracownik\u00f3w teatru),<\/p>\n\n\n\n<p>&#8211; umo\u017cliwienie dzia\u0142a\u0144 aktorskich ( ch\u0119tnym uczestnikom),<\/p>\n\n\n\n<p>&#8211; umo\u017cliwienie (wszystkim uczestnikom) obejrzenia spektaklu teatralnego &#8222;Ba\u015b\u0144 o dw\u00f3ch braciach&#8221;,<\/p>\n\n\n\n<p>&#8211; uwypuklenie historycznego znaczenia teatru, jako no\u015bnika opowie\u015bci, wa\u017cno\u015bci literatury w spektaklu i roli, jak\u0105 w \u017cyciu cz\u0142owieka spe\u0142nia narracja,<\/p>\n\n\n\n<p>&#8211; utrwalenie wiedzy o ba\u015bni, jako gatunku literackim &#8211; odwiecznym i wa\u017cnym.<\/p>\n\n\n\n<p>&#8211; umo\u017cliwienie utworzenia przez uczestnik\u00f3w w\u0142asnej opowie\u015bci ba\u015bniowej z zachowaniem warunk\u00f3w, jakie ten gatunek literacki musi spe\u0142nia\u0107,<\/p>\n\n\n\n<p>&#8211; wyposa\u017cenie uczestnik\u00f3w w &#8222;teatrzyk domowy&#8221;, do wystawiania ba\u015bni (program do spektaklu pomy\u015blany jest tak, \u017ce mo\u017cna go przekszta\u0142ci\u0107 w scenk\u0119 marionetkow\u0105),<\/p>\n\n\n\n<p>Warsztaty trwaj\u0105ce trzy godziny lekcyjne prowadz\u0105 Ma\u0142gorzata i Artur dla najwy\u017cej dw\u00f3ch klas.<\/p>\n\n\n\n<p>U\u017cyty jest w zaj\u0119ciach pe\u0142ny spektakl teatralny &#8221; Ba\u015b\u0144 o dw\u00f3ch braciach&#8221;, a do dzia\u0142a\u0144 z uczestnikami potrzebnych jest oko\u0142o 100 rekwizyt\u00f3w (bez dukat\u00f3w i talar\u00f3w, kt\u00f3rych liczb\u0119 trudno okre\u015bli\u0107, bowiem jest uzale\u017cniona od aktywno\u015bci dzieci).<\/p>\n\n\n\n<figure class=\"wp-container-2 wp-block-gallery-1 wp-block-gallery has-nested-images columns-default is-cropped\">\n<figure class=\"wp-block-image size-large\"><img loading=\"lazy\" width=\"1024\" height=\"663\" data-id=\"370\"  src=\"http:\/\/oliwka.hosting24.pl\/wp-content\/uploads\/2019\/09\/cropped-Screenshot-2019-08-29-at-11.20.19-1-1024x663.png\" alt=\"\" class=\"wp-image-370\" srcset=\"http:\/\/oliwka.hosting24.pl\/wp-content\/uploads\/2019\/09\/cropped-Screenshot-2019-08-29-at-11.20.19-1-1024x663.png 1024w, http:\/\/oliwka.hosting24.pl\/wp-content\/uploads\/2019\/09\/cropped-Screenshot-2019-08-29-at-11.20.19-1-300x194.png 300w, http:\/\/oliwka.hosting24.pl\/wp-content\/uploads\/2019\/09\/cropped-Screenshot-2019-08-29-at-11.20.19-1-768x497.png 768w, http:\/\/oliwka.hosting24.pl\/wp-content\/uploads\/2019\/09\/cropped-Screenshot-2019-08-29-at-11.20.19-1.png 1041w\" sizes=\"(max-width: 1024px) 100vw, 1024px\" \/><\/figure>\n\n\n\n<figure class=\"wp-block-image size-large\"><img loading=\"lazy\" width=\"542\" height=\"360\" data-id=\"241\"  src=\"http:\/\/oliwka.hosting24.pl\/wp-content\/uploads\/2019\/10\/cropped-02b.jpg\" alt=\"\" class=\"wp-image-241\" srcset=\"http:\/\/oliwka.hosting24.pl\/wp-content\/uploads\/2019\/10\/cropped-02b.jpg 542w, http:\/\/oliwka.hosting24.pl\/wp-content\/uploads\/2019\/10\/cropped-02b-300x199.jpg 300w\" sizes=\"(max-width: 542px) 100vw, 542px\" \/><\/figure>\n\n\n\n<figure class=\"wp-block-image size-large\"><img loading=\"lazy\" width=\"888\" height=\"798\" data-id=\"275\"  src=\"http:\/\/oliwka.hosting24.pl\/wp-content\/uploads\/2019\/10\/04.jpg\" alt=\"\" class=\"wp-image-275\" srcset=\"http:\/\/oliwka.hosting24.pl\/wp-content\/uploads\/2019\/10\/04.jpg 888w, http:\/\/oliwka.hosting24.pl\/wp-content\/uploads\/2019\/10\/04-300x270.jpg 300w, http:\/\/oliwka.hosting24.pl\/wp-content\/uploads\/2019\/10\/04-768x690.jpg 768w\" sizes=\"(max-width: 888px) 100vw, 888px\" \/><\/figure>\n\n\n\n<figure class=\"wp-block-image size-large\"><img loading=\"lazy\" width=\"888\" height=\"695\" data-id=\"273\"  src=\"http:\/\/oliwka.hosting24.pl\/wp-content\/uploads\/2019\/10\/01.jpg\" alt=\"\" class=\"wp-image-273\" srcset=\"http:\/\/oliwka.hosting24.pl\/wp-content\/uploads\/2019\/10\/01.jpg 888w, http:\/\/oliwka.hosting24.pl\/wp-content\/uploads\/2019\/10\/01-300x235.jpg 300w, http:\/\/oliwka.hosting24.pl\/wp-content\/uploads\/2019\/10\/01-768x601.jpg 768w\" sizes=\"(max-width: 888px) 100vw, 888px\" \/><\/figure>\n<\/figure>\n","protected":false},"excerpt":{"rendered":"<p>W toku warsztat\u00f3w realizowane s\u0105 takie oto cele: &#8211; kszta\u0142towanie \u015bwiadomego i zaanga\u017cowanego widza, &#8211; ukazanie roli, jak\u0105 spe\u0142nia teatr w \u017cyciu (ci\u0105gle jeszcze!) wielu ludzi (rozmaitej rangi widz\u00f3w i pracownik\u00f3w teatru), &#8211; umo\u017cliwienie dzia\u0142a\u0144 aktorskich ( ch\u0119tnym uczestnikom), &#8211; umo\u017cliwienie (wszystkim uczestnikom) obejrzenia spektaklu teatralnego &#8222;Ba\u015b\u0144 o dw\u00f3ch braciach&#8221;, &#8211; uwypuklenie historycznego znaczenia teatru,&hellip; <br \/> <a class=\"read-more\" href=\"http:\/\/oliwka.hosting24.pl\/index.php\/po-co-teatr\/\">Przeczytaj wi\u0119cej<\/a><\/p>\n","protected":false},"author":1,"featured_media":0,"parent":0,"menu_order":0,"comment_status":"closed","ping_status":"closed","template":"","meta":[],"_links":{"self":[{"href":"http:\/\/oliwka.hosting24.pl\/index.php\/wp-json\/wp\/v2\/pages\/229"}],"collection":[{"href":"http:\/\/oliwka.hosting24.pl\/index.php\/wp-json\/wp\/v2\/pages"}],"about":[{"href":"http:\/\/oliwka.hosting24.pl\/index.php\/wp-json\/wp\/v2\/types\/page"}],"author":[{"embeddable":true,"href":"http:\/\/oliwka.hosting24.pl\/index.php\/wp-json\/wp\/v2\/users\/1"}],"replies":[{"embeddable":true,"href":"http:\/\/oliwka.hosting24.pl\/index.php\/wp-json\/wp\/v2\/comments?post=229"}],"version-history":[{"count":7,"href":"http:\/\/oliwka.hosting24.pl\/index.php\/wp-json\/wp\/v2\/pages\/229\/revisions"}],"predecessor-version":[{"id":645,"href":"http:\/\/oliwka.hosting24.pl\/index.php\/wp-json\/wp\/v2\/pages\/229\/revisions\/645"}],"wp:attachment":[{"href":"http:\/\/oliwka.hosting24.pl\/index.php\/wp-json\/wp\/v2\/media?parent=229"}],"curies":[{"name":"wp","href":"https:\/\/api.w.org\/{rel}","templated":true}]}}